{"id":2,"date":"2009-05-28T15:52:12","date_gmt":"2009-05-28T13:52:12","guid":{"rendered":"http:\/\/www.sv-eberstadt.de\/?page_id=2"},"modified":"2018-06-26T23:22:32","modified_gmt":"2018-06-26T21:22:32","slug":"ueber-mich","status":"publish","type":"page","link":"https:\/\/www.sv-eberstadt.de\/","title":{"rendered":"SV Eberstadt Tischtennis Verein"},"content":{"rendered":"<p style=\"text-align: center;\"><strong style=\"color: #000000;\">Willkommen bei der Sportvereinigung Eberstadt &#8211; Abteilung Tischtennis<\/strong><\/p>\n<p style=\"text-align: center; color: #990000; font-family: Arial,Helvetica,sans-serif; font-size: 14px;\"><strong>&nbsp;<a href=\"http:\/\/www.sv-eberstadt.de\/wp-content\/uploads\/Iphone-Bilder-21.06.2018-4124.jpg\"><img loading=\"lazy\" decoding=\"async\" width=\"403\" height=\"302\" class=\"alignnone size-full wp-image-2229\" alt=\"Iphone Bilder 21.06.2018 4124\" src=\"http:\/\/www.sv-eberstadt.de\/wp-content\/uploads\/Iphone-Bilder-21.06.2018-4124.jpg\" srcset=\"https:\/\/www.sv-eberstadt.de\/wp-content\/uploads\/Iphone-Bilder-21.06.2018-4124.jpg 4032w, https:\/\/www.sv-eberstadt.de\/wp-content\/uploads\/Iphone-Bilder-21.06.2018-4124-150x113.jpg 150w, https:\/\/www.sv-eberstadt.de\/wp-content\/uploads\/Iphone-Bilder-21.06.2018-4124-300x225.jpg 300w, https:\/\/www.sv-eberstadt.de\/wp-content\/uploads\/Iphone-Bilder-21.06.2018-4124-1024x768.jpg 1024w\" sizes=\"(max-width: 403px) 100vw, 403px\" \/><\/a><\/strong><\/p>\n<p style=\"text-align: center; color: #990000; font-family: Arial,Helvetica,sans-serif; font-size: 14px;\"><strong><a title=\"Vereinsmeisterschaften Sch\u00fcler und Jugend 2018\" href=\"http:\/\/www.sv-eberstadt.de\/?p=2183\">VEREINSMEISTERSCHAFTEN der SCH\u00dcLER UND JUGEND 2018 &#8211; Bericht Hier Klicken!<\/a><\/strong><\/p>\n<p style=\"text-align: center; color: #990000; font-family: Arial,Helvetica,sans-serif; font-size: 14px;\">&nbsp;<\/p>\n<p style=\"text-align: center; color: #990000; font-family: Arial,Helvetica,sans-serif; font-size: 14px;\"><strong><a title=\"Abschlussturnier der TT-Arbeitsgemeinschaften 16.06.2018\" href=\"http:\/\/www.sv-eberstadt.de\/?page_id=2158\">Bericht Abschlussturnier der TT-Arbeitsgemeinschaften 16.06.2018 lesen &#8211; Hier klicken!!<\/a><\/strong><\/p>\n<p style=\"text-align: center; color: #990000; font-family: Arial,Helvetica,sans-serif; font-size: 14px;\">&nbsp;<\/p>\n<p style=\"text-align: center; color: #990000; font-family: Arial,Helvetica,sans-serif; font-size: 14px;\"><strong><a title=\"Kreisjahrgangsmeisterschaft 2018\" href=\"http:\/\/www.sv-eberstadt.de\/?page_id=2148\">Bericht Kreisjahrgangs-Meisterschaften 2018 lesen &#8211; Neue Bilder -Hier klicken!!!<\/a><\/strong><\/p>\n\n\t\t<style type=\"text\/css\">\n\t\t\t#gallery-1 {\n\t\t\t\tmargin: auto;\n\t\t\t}\n\t\t\t#gallery-1 .gallery-item {\n\t\t\t\tfloat: left;\n\t\t\t\tmargin-top: 10px;\n\t\t\t\ttext-align: center;\n\t\t\t\twidth: 50%;\n\t\t\t}\n\t\t\t#gallery-1 img {\n\t\t\t\tborder: 2px solid #cfcfcf;\n\t\t\t}\n\t\t\t#gallery-1 .gallery-caption {\n\t\t\t\tmargin-left: 0;\n\t\t\t}\n\t\t\t\/* see gallery_shortcode() in wp-includes\/media.php *\/\n\t\t<\/style>\n\t\t<div id='gallery-1' class='gallery galleryid-2 gallery-columns-2 gallery-size-medium'><dl class='gallery-item'>\n\t\t\t<dt class='gallery-icon landscape'>\n\t\t\t\t<a href='https:\/\/www.sv-eberstadt.de\/?attachment_id=2145'><img loading=\"lazy\" decoding=\"async\" width=\"300\" height=\"225\" src=\"https:\/\/www.sv-eberstadt.de\/wp-content\/uploads\/IMG_6856-300x225.jpg\" class=\"attachment-medium size-medium\" alt=\"\" aria-describedby=\"gallery-1-2145\" srcset=\"https:\/\/www.sv-eberstadt.de\/wp-content\/uploads\/IMG_6856-300x225.jpg 300w, https:\/\/www.sv-eberstadt.de\/wp-content\/uploads\/IMG_6856-150x113.jpg 150w, https:\/\/www.sv-eberstadt.de\/wp-content\/uploads\/IMG_6856-1024x768.jpg 1024w, https:\/\/www.sv-eberstadt.de\/wp-content\/uploads\/IMG_6856-e1521722530477.jpg 500w\" sizes=\"(max-width: 300px) 100vw, 300px\" \/><\/a>\n\t\t\t<\/dt>\n\t\t\t\t<dd class='wp-caption-text gallery-caption' id='gallery-1-2145'>\n\t\t\t\tBen Luca M\u00fcller, Tyjon Simo Fongain, Mirko Hofmann\n\t\t\t\t<\/dd><\/dl><dl class='gallery-item'>\n\t\t\t<dt class='gallery-icon landscape'>\n\t\t\t\t<a href='https:\/\/www.sv-eberstadt.de\/?attachment_id=2144'><img loading=\"lazy\" decoding=\"async\" width=\"300\" height=\"225\" src=\"https:\/\/www.sv-eberstadt.de\/wp-content\/uploads\/tom-300x225.jpg\" class=\"attachment-medium size-medium\" alt=\"\" aria-describedby=\"gallery-1-2144\" srcset=\"https:\/\/www.sv-eberstadt.de\/wp-content\/uploads\/tom-300x225.jpg 300w, https:\/\/www.sv-eberstadt.de\/wp-content\/uploads\/tom-150x113.jpg 150w, https:\/\/www.sv-eberstadt.de\/wp-content\/uploads\/tom-e1521722552966.jpg 500w\" sizes=\"(max-width: 300px) 100vw, 300px\" \/><\/a>\n\t\t\t<\/dt>\n\t\t\t\t<dd class='wp-caption-text gallery-caption' id='gallery-1-2144'>\n\t\t\t\tTom Wienke\n\t\t\t\t<\/dd><\/dl><br style=\"clear: both\" \/>\n\t\t<\/div>\n\n<p style=\"text-align: center; color: #990000; font-family: Arial,Helvetica,sans-serif; font-size: 14px;\">&nbsp;<\/p>\n<p style=\"text-align: center; color: #990000; font-family: Arial,Helvetica,sans-serif; font-size: 14px;\">&nbsp;<\/p>\n<h3>Tischtennis in Eberstadt &#8211; Ein R\u00fcckblick<\/h3>\n<p>Die Urspr\u00fcnge der Tischtennisabteilung reichen bis in das Jahr 1935 zur\u00fcck: Am Anfang stand der Wirtshaustisch in den Gastst\u00e4tten <em>Zur Rose<\/em> und <em>Harmonie<\/em>, an dem tischtennisbegeisterte Eberst\u00e4dter ihre ersten Spiele mit dem kleinen Zelluloidball durchf\u00fchrten. Nach Spielst\u00e4tten in den Gastwirtschaften, der <em>Zigarrenkiste<\/em> in der Gabelsbergerstra\u00dfe und der Turnhalle der Ludwig-Schwamb-Schule hat die Tischtennisabteilung in der unteren Halle auf dem Waldsportplatz bis heute ihr festes Domizil. In langer Tradition und zum Ged\u00e4chtnis an einen der ersten Abteilungsleiter wird seit 1952 in fast ununterbrochener Reihenfolge j\u00e4hrlich das Franz-Edthofer-Turnier durchgef\u00fchrt. Bei diesem Turnier, das \u00fcber 2 Tage verteilt ist, nehmen jedes Jahr ca. 300 Teilnehmer teil.<\/p>\n<h3>Der Tischtennis Verein in Eberstadt &#8211; Heute [2017]<\/h3>\n<p>Heute spielen 1 Damen.- und 4 Herrenmannschaften sowie 1 Jugend.- und 2 Sch\u00fclerteams in der Verbandsrunde mit. Die Tischtennisabteilung bietet sowohl wettkampforientierten Spielern als auch Hobby-Spielern die M\u00f6glichkeit, bei den regelm\u00e4\u00dfgen Trainings entweder einfach nur Spa\u00df zu haben, oder sich auf den leistungsorientierten Wettkampf f\u00fcr die&nbsp; offiziellen Turniere des HTTV vorzubereiten. Aush\u00e4ngeschild ist die 1. Herrenmannschaft, die in der&nbsp;Bezirksoberliga spielt. Wir haben sehr gute Tischtennisspieler in unseren Reihen, von denen sich allerlei ausgereifte Techniken und Taktiken abgucken lassen, und die auch dem Nachwuchs gerne mit dem einen oder anderen guten Tipp zur Seite stehen. Die Abteilung Tischtennis z\u00e4hlt zur Zeit insgesamt etwa 50 Mitglieder, und einen Ballroboter.<\/p>\n","protected":false},"excerpt":{"rendered":"<p>Willkommen bei der Sportvereinigung Eberstadt &#8211; Abteilung Tischtennis &nbsp; VEREINSMEISTERSCHAFTEN der SCH\u00dcLER UND JUGEND 2018 &#8211; Bericht Hier Klicken! &nbsp; Bericht Abschlussturnier der TT-Arbeitsgemeinschaften 16.06.2018 lesen &#8211; Hier klicken!! &nbsp; Bericht Kreisjahrgangs-Meisterschaften 2018 lesen &#8211; Neue Bilder -Hier klicken!!! &nbsp; &nbsp; Tischtennis in Eberstadt &#8211; Ein R\u00fcckblick Die Urspr\u00fcnge der Tischtennisabteilung reichen bis in das [&hellip;]<\/p>\n","protected":false},"author":1,"featured_media":0,"parent":0,"menu_order":10,"comment_status":"closed","ping_status":"closed","template":"startseite.php","meta":{"ngg_post_thumbnail":0,"footnotes":""},"class_list":["post-2","page","type-page","status-publish","hentry"],"_links":{"self":[{"href":"https:\/\/www.sv-eberstadt.de\/index.php?rest_route=\/wp\/v2\/pages\/2"}],"collection":[{"href":"https:\/\/www.sv-eberstadt.de\/index.php?rest_route=\/wp\/v2\/pages"}],"about":[{"href":"https:\/\/www.sv-eberstadt.de\/index.php?rest_route=\/wp\/v2\/types\/page"}],"author":[{"embeddable":true,"href":"https:\/\/www.sv-eberstadt.de\/index.php?rest_route=\/wp\/v2\/users\/1"}],"replies":[{"embeddable":true,"href":"https:\/\/www.sv-eberstadt.de\/index.php?rest_route=%2Fwp%2Fv2%2Fcomments&post=2"}],"version-history":[{"count":66,"href":"https:\/\/www.sv-eberstadt.de\/index.php?rest_route=\/wp\/v2\/pages\/2\/revisions"}],"predecessor-version":[{"id":2237,"href":"https:\/\/www.sv-eberstadt.de\/index.php?rest_route=\/wp\/v2\/pages\/2\/revisions\/2237"}],"wp:attachment":[{"href":"https:\/\/www.sv-eberstadt.de\/index.php?rest_route=%2Fwp%2Fv2%2Fmedia&parent=2"}],"curies":[{"name":"wp","href":"https:\/\/api.w.org\/{rel}","templated":true}]}}