{"id":85,"date":"2009-06-01T01:21:55","date_gmt":"2009-05-31T23:21:55","guid":{"rendered":"http:\/\/www.sv-eberstadt.de\/?page_id=85"},"modified":"2014-05-01T11:59:39","modified_gmt":"2014-05-01T09:59:39","slug":"die-tischtennis-mannschaften-des-sve","status":"publish","type":"page","link":"http:\/\/www.sv-eberstadt.de\/?page_id=85","title":{"rendered":"Mannschaften Herren &#8211; Saison 2011\/2012"},"content":{"rendered":"<h3 style=\"font-family: Arial,Helvetica,sans-serif; font-size: 16px;\">1. Herren Mannschaft Saison 2011 \/2012<\/h3>\n<p><a href=\"http:\/\/www.sv-eberstadt.de\/wp-content\/uploads\/Erste-Herren.jpg\"><img loading=\"lazy\" decoding=\"async\" class=\"alignleft size-full wp-image-1241\" title=\"Erste Herren\" src=\"http:\/\/www.sv-eberstadt.de\/wp-content\/uploads\/Erste-Herren.jpg\" alt=\"Das ist die aktuelle 1.Herren\" width=\"726\" height=\"504\" \/><\/a><\/p>\n<p style=\"font-family: Arial,Helvetica,sans-serif; font-size: 14px;\">1. Herren 2011\/2012: Marcel R\u00f6mhild, Ralf Schwarzer, Michael Schwarzer, Christoph Busch, J\u00f6rg Hengstberger und Helmut Adel zeigten in der Bezirksklasse \u2013 Gruppe 5 \u2013 \u00fcber den gesamten\u00a0 Saisonverlauf gute Leistungen.<\/p>\n<p><strong style=\"font-family: Arial,Helvetica,sans-serif; font-size: 14px;\">Mathematik der Bezirksklasse: 2 x Vorrunde = Abstieg oder 2 x R\u00fcckrunde = Aufstieg<\/strong><\/p>\n<p style=\"font-family: Arial,Helvetica,sans-serif; font-size: 14px; text-align: left;\">Tischtennis hat eigentlich keinen besonderen Bezug zur Mathematik. Sieht man mal davon ab, dass in der Regel ein Satz bis 11 geht, \u00fcber 3 Gewinns\u00e4tze gespielt wird und am Ende der Saison der Punktestand \u00fcber Platzierung sowie Aufstieg oder Abstieg entscheidet. Die besondere Mathematik der ersten Herren-Mannschaft lag diese Saison in zwei Halbserien, die unterschiedlicher nicht h\u00e4tten ausfallen k\u00f6nnen: W\u00e4hrend die Mannschaft in der Vorrunde bis zum vorletzten Spieltag lediglich einen Z\u00e4hler auf der Habenseite hat verbuchen k\u00f6nnen und erst in den beiden abschlie\u00dfenden Spielen noch zwei Siege einfahren konnte, um schlie\u00dflich mit 5:17 Punkten auf dem 10. Tabellenplatz zu landen, gestaltete sich die R\u00fcckrunde vollkommen anders. Was war geschehen? Sicherlich stand fest, dass die Mannschaft mit den Spielern Ralf und Michael Schwarzer, Christoph Busch, J\u00f6rg Hengstberger, Helmut Adel, Uwe R\u00f6hl und Alexander Genewikow es von Anfang schwer haben w\u00fcrde, sich den Anforderungen des Bezirksklasse erfolgreich zu stellen. Auch die neuen TTR-Werte gaben im Vergleich mit denen der \u00fcbrigen Mannschaften der Bezirksklasse Gruppe 5 eher weniger Anlass, auf eine Platzierung im oberen Drittel zu setzen. Daher war klar: Alles gegen den Abstieg! Doch die Vorrunde stand unter einem ungl\u00fccklichen Stern: Das in der Vorsaison starke Doppel Schwarzer\/Schwarzer konnte kaum an gute Zeiten ankn\u00fcpfen und die Einzelergebnisse einzelner Spieler waren eher entt\u00e4uschend. Dazu kamen noch Ausf\u00e4lle in entscheidenden Spielen, die selbst durch engagierte Ersatzspieler nicht kompensiert werde konnten. Hoffnungsschimmer waren die starken und stetig ansteigenden Leistungen von Christoph Busch und J\u00f6rg Hengstberger im Einzel und Doppel. Daher war die Bilanz der Vorrunde klar: Sollten in der R\u00fcckrunde nicht mehr Punkte eingefahren werden, so w\u00e4re dies der Abstieg in die Kreisliga (\u00fcbrigens ist der zweite Absteiger am Ende der Saison tats\u00e4chlich mit 10:34 Punkten abgestiegen). Also mathematisch: 2 x Vorrunde = Abstieg!<\/p>\n<p style=\"font-family: Arial,Helvetica,sans-serif; font-size: 14px; text-align: left;\">Der Wendepunkt kam mit einem neuen Spieler: Marcel R\u00f6mhild, der vom SV Kohlhaus (Rh\u00f6n) zum SV Eberstadt gesto\u00dfen war, erwies sich als Gl\u00fccksfall und starke Unterst\u00fctzung im vorderen Paarkreuz. Der aggressiv aufspielende Linksh\u00e4nder mit kompromisslosem Vorhand-Topspin und knallhartem R\u00fcckhandschuss trieb die Mannschaft f\u00f6rmlich zu H\u00f6chstleistungen. Und wie ein Ruck ging es durch die Mannschaft. Starke Leistungen im Einzel aber auch und vor allem in allen drei Doppeln brachten das Team um Mannschaftsf\u00fchrer J\u00f6rg Hengstberger auf die Siegerstra\u00dfe, die beeindruckend war: Klare Siege gegen die Tabellenvorderen TV Seeheim und Concordia. Pfungstadt in fremder Halle beeindruckten Gegner, Fans und die Mannschaft selbst. Am Ende wurde die R\u00fcckrunde mit sage und schreibe nur 2 Niederlagen abgeschlossen. H\u00e4tte diese Bilanz (18:4) bereits zur Vorrunde in click-tt gestanden, so w\u00e4re die Mannschaft mit fiktiven 36:8 Punkten einen Aufstieg ganz, ganz nah gewesen. Also mathematisch: 2 x R\u00fcckrunde = Aufstieg! Der Dank der Mannschaft geht an alle Fans und Unterst\u00fctzer sowie an die Ersatzspieler, die alle gerne ausgeholfen haben. Einen sportlichen Gru\u00df an alle Mannschaften der Bezirksklasse Gruppe 5, mit denen wir sch\u00f6ne und faire Spiele hatten. Ein besonderer Gl\u00fcckwunsch geht an die Meister-Mannschaft vom TV Seeheim (\u00fcbrigens Meister mit 36:8 Punkten), der wir viel Erfolg in der Bezirksliga w\u00fcnschen.<\/p>\n<h3>2. Herren Mannschaft &#8211; Saison 2011\/2012<\/h3>\n<p style=\"text-align: center;\"><a rel=\"attachment wp-att-1395\" href=\"http:\/\/www.sv-eberstadt.de\/?attachment_id=1395\"><img loading=\"lazy\" decoding=\"async\" class=\"alignleft size-full wp-image-1395\" title=\"Team 2\" src=\"http:\/\/www.sv-eberstadt.de\/wp-content\/uploads\/Team-2.jpg\" alt=\"\" width=\"700\" height=\"525\" srcset=\"http:\/\/www.sv-eberstadt.de\/wp-content\/uploads\/Team-2.jpg 700w, http:\/\/www.sv-eberstadt.de\/wp-content\/uploads\/Team-2-150x112.jpg 150w, http:\/\/www.sv-eberstadt.de\/wp-content\/uploads\/Team-2-300x225.jpg 300w\" sizes=\"auto, (max-width: 700px) 100vw, 700px\" \/><\/a><\/p>\n<p style=\"font-family: Arial,Helvetica,sans-serif; font-size: 14px;\">2. Herren: Ralf Uhrig, J\u00fcrgen Gisha, Markus Reichert, Uwe R\u00f6hl, Alexander Schwalbach, Ralf Lottes und Andreas Schneider. Es fehlen Gerold Schilling und Roland Da\u00dfler.<\/p>\n<p><strong style=\"font-family: Arial,Helvetica,sans-serif; font-size: 14px;\">Die Aufsteiger<\/strong><\/p>\n<p style=\"font-family: Arial,Helvetica,sans-serif; font-size: 14px;\"><!-- \t\t@page { margin: 2cm } \t\tP { margin-bottom: 0.21cm } -->Das Saisonziel war von vornherein klar: Der Aufstieg , wie schon im vorletzten Jahr. Nachdem wir in den letzten 4 Jahren bereits 2 mal aus der 1. Kreisklasse abgestiegen und wieder aufgestiegen waren wollten wir den Wiederaufstieg auch in dieser Saison wiederholen. Das Ergebnis (Stand Anfang Juni) spiegelt sich in der \u00dcberschrift wider \u2013 aber der Reihe nach. In der Aufstellung Gerold Schilling, Andreas Schneider, Roland Da\u00dfler, Alexander Schwalbach, Ralf Lottes, Ralf Uhrig und J\u00fcrgen Gisha gingen wir in die Saison. Nach dem die ersten 3 Spiele noch gewonnen wurden hatten wir in Griesheim bei der TuS nur ein Unentschieden erreicht. Nach 2 weiteren Siegen folgten dann 2 Niederlagen gegen Wixhausen und Blau-Gelb (jeweils mit 5:9), welche uns auf Platz 4 zur\u00fcckwarfen. Ein fantastischer 9:6-Sieg gegen den bis dahin ungeschlagenen Tabellenf\u00fchrer St. Stephan brachte uns zur\u00fcck ins Aufstiegsrennen. Allerdings erhielten wir zum Vorrundenabschluss eine herbe Niederlage bei Concordia Pfungstadt (6:9). An diesem Tag fehlten von den oben genannten 7 Mannschaftsmitgliedern gleich 5. (wegen Verletzung, Krankheit etc.).<\/p>\n<p style=\"font-family: Arial,Helvetica,sans-serif; font-size: 14px;\">Zur R\u00fcckrunde wurde die Mannschaft im vorderen Paarkreuz verst\u00e4rkt: Uwe R\u00f6hl und Markus Reichert erzielten in der R\u00fcckrunde mit 16:3 bzw. 16:2 Einzelergebnissen Bestwerte im vorderen Paarkreuz und trugen damit ma\u00dfgeblich zu unserem Siegeszug in der R\u00fcckrunde bei: Lediglich bei Blau-Gelb Darmstadt gab es ein Unentschieden &#8211; ansonsten wurden alle Spiele der R\u00fcckrunde gewonnen. Besonders hervorzuheben sind die Siege gegen das F\u00fchrungsduo der Tabelle (Wixhausen und St. Stephan), die mit 9:3 und 9:1 auch noch ziemlich deutlich ausfielen.<\/p>\n<p style=\"font-family: Arial,Helvetica,sans-serif; font-size: 14px;\">Allerdings \u2013 es sollte nicht reichen zum direkten Aufstieg. Mit 8 Minuspunkten hatten wir am Saisonende 2 mehr als die beiden f\u00fchrenden Mannschaften und landeten somit auf Rang 3. Die dadurch erreichte vorsorgliche Aufstiegsrelegation wurde schlie\u00dflich auch noch deutlich mit 9:2 gegen Gundernhausen gewonnen.<\/p>\n<p style=\"text-align: center;\"><a rel=\"attachment wp-att-1267\" href=\"http:\/\/www.sv-eberstadt.de\/?attachment_id=1267\"><img loading=\"lazy\" decoding=\"async\" class=\"size-full wp-image-1267 aligncenter\" title=\"Aufstieg\" src=\"http:\/\/www.sv-eberstadt.de\/wp-content\/uploads\/P1080367.jpg\" alt=\"\" width=\"700\" height=\"525\" srcset=\"http:\/\/www.sv-eberstadt.de\/wp-content\/uploads\/P1080367.jpg 960w, http:\/\/www.sv-eberstadt.de\/wp-content\/uploads\/P1080367-150x112.jpg 150w, http:\/\/www.sv-eberstadt.de\/wp-content\/uploads\/P1080367-300x225.jpg 300w\" sizes=\"auto, (max-width: 700px) 100vw, 700px\" \/><\/a><\/p>\n<p style=\"font-family: Arial,Helvetica,sans-serif; font-size: 14px;\">Seit dem 11. Juni 2012 steht es nun fest, wir sind in die erste Kreisklasse Gruppe 1 aufgestiegen. Wir haben es geschafft, es fehlt nur noch die Aufstiegsfeier (Gru\u00df an den Vorstand: wird die Feier gesponsert ???).<\/p>\n<p style=\"font-family: Arial,Helvetica,sans-serif; font-size: 14px;\">Erw\u00e4hnenswert ist neben den bereits erw\u00e4hnten Einzelergebnissen unseres vorderen Paarkreuzes die Leistung von J\u00fcrgen Gisha, der mit 25:4 in der Gesamtwertung der Spielklasse den 4. Rang belegte. Auch unser Nachwuchsspieler Julian Beck mit 8:1 und Roland Da\u00dfler, der berufsbedingt nur wenige Spiele bestreiten konnte, mit 7:1 spielten eine \u00fcberzeugende Runde. Auch im Doppel konnte J\u00fcrgen Gisha \u00fcberzeugen und spielte mit Ralf Uhrig 9:3 und mit Uwe R\u00f6hl in der R\u00fcckrunde 7:1. Bestes Eberst\u00e4dter Doppel waren Andreas Schneider und Ralf Lottes mit 8:1.<\/p>\n<p style=\"font-family: Arial,Helvetica,sans-serif; font-size: 14px;\">Vielen Dank an dieser Stelle an die Mannschaft f\u00fcr eine tolle Saison. Es hat viel Spa\u00df gemacht. Ein ebenso gro\u00dfes Dankesch\u00f6n an unsere Ersatzspieler, die uns immer gerne ausgeholfen haben sowie an die zahllosen Fans, die uns insbesondere im Relegationsspiel in Gr\u00e4fenhausen super unterst\u00fctzt haben.<\/p>\n<h3>3. Herren Mannschaft Saison 2011\/2012<\/h3>\n<p><!-- \t\t@page { margin: 2cm } \t\tP { margin-bottom: 0.21cm } --><\/p>\n<p style=\"font-family: Arial,Helvetica,sans-serif; font-size: 14px;\"><a rel=\"attachment wp-att-1300\" href=\"http:\/\/www.sv-eberstadt.de\/?attachment_id=1300\"><img loading=\"lazy\" decoding=\"async\" class=\"alignnone size-full wp-image-1300\" title=\"Dritte Herren neu\" src=\"http:\/\/www.sv-eberstadt.de\/wp-content\/uploads\/Dritte-Herren-neu.jpg\" alt=\"\" width=\"701\" height=\"525\" srcset=\"http:\/\/www.sv-eberstadt.de\/wp-content\/uploads\/Dritte-Herren-neu.jpg 640w, http:\/\/www.sv-eberstadt.de\/wp-content\/uploads\/Dritte-Herren-neu-150x112.jpg 150w, http:\/\/www.sv-eberstadt.de\/wp-content\/uploads\/Dritte-Herren-neu-300x225.jpg 300w\" sizes=\"auto, (max-width: 701px) 100vw, 701px\" \/><\/a><\/p>\n<p style=\"font-family: Arial,Helvetica,sans-serif; font-size: 14px;\">SVE-HERREN 3:<\/p>\n<p style=\"font-family: Arial,Helvetica,sans-serif; font-size: 14px;\">Zum abschlie\u00dfenden Meisterschaftsspiel gegen die TSG Wixhausen standen Uwe Heinisch, Marco B\u00fcxler, Lothar Schmitz, Lothar Ehses, Marco Obach, Niko Dietrich und Lennart Ebeling f\u00fcr Eberstadt an den Tischen.<\/p>\n<p><span style=\"font-family: serif;\"><span style=\"font-size: small;\"> <\/span><\/span><\/p>\n<p><!-- \t\t@page { margin: 2cm } \t\tP { margin-bottom: 0.21cm } --><span style=\"font-family: Arial,sans-serif;\"><span style=\"font-family: Arial,Helvetica,sans-serif; font-size: 14px;\">Viele Namen, keine Stammspieler, mit diesem Problem hatte der Mannschaftsfu\u0308hrer der Dritten u\u0308ber die gesamte Saison zu k\u00e4mpfen.Der Meldebogen fu\u0308r die Ru\u0308ckrunde wies mit Uwe Heinisch, Lothar Ehses, Niko Dietrich, Jan Schu\u0308tt, Claus Pfeiffer, Jo Hadwiger, Hansi Harke, Marco Obach, Walter Knell, Lothar Schmitz, Sebastian Harms, Horst G\u00f6bel, Klaus Wolf, Marco Bu\u0308xler, Manfred Dei\u00dfroth, Patrick Wilhelm sowie den beiden Jugendersatzspielern Lennart Ebeling und Alois Drescher achtzehn Spieler aus, von denen aber zehn Spieler nur ersatzweise, bzw. gar nicht spielen wollten. Rechnet man noch die beiden Jugendersatzspieler ab, blieben genau sechs Spieler fu\u0308r die Stammformation. <\/span><\/span><\/p>\n<p><span style=\"font-family: Arial,sans-serif;\"><span style=\"font-family: Arial,Helvetica,sans-serif; font-size: 14px;\">Der Saisonverlauf ist mit wenigen Worten umschrieben. Einer m\u00e4\u00dfig verlaufenen Vorrunde folgte eine schlechte Ru\u0308ckrunde, die mit dem sechsten Tabellenplatz abgeschlossen wurde. Lediglich zwei Spieler haben alle Spiele bestritten und werden wohl auch fu\u0308r die kommende Spielzeit das Korsett fu\u0308r die Mannschaft stellen. Ob eine Verst\u00e4rkung von den h\u00f6heren Mannschaften zu erwarten ist, h\u00e4ngt davon ab, wie diese sich zusammensetzen. Einzig die Trainingsbereitschaft der Dritten kann sich gegenu\u0308ber den anderen Mannschaften sehen lassen, da meist vier bis sechs Spieler regelm\u00e4\u00dfig anwesend sind. Eine lobende Erw\u00e4hnung haben auch Lennart Ebeling und Alois Drescher verdient, die bei ihren Eins\u00e4tzen in der 3. Herrenmannschaft einen guten Eindruck hinterlassen haben und sich fu\u0308r weitere Aufgaben empfohlen haben. <\/span><\/span><\/p>\n<p><span style=\"font-family: Arial,sans-serif;\"><span style=\"font-family: Arial,Helvetica,sans-serif; font-size: 14px;\">Fu\u0308r die kommende Meisterschaftsrunde hoffen die Spieler mit guten Leistungen einen besseren Tabellenplatz zu erreichen und sich fu\u0308r Eins\u00e4tze in einer h\u00f6heren Mannschaft anzubieten. Trotz allen Schwierigkeiten m\u00f6chte ich mich bei allen Spielern bedanken fu\u0308r ihre Bereitschaft am Spielbetrieb teilzunehmen.<\/span><\/span><\/p>\n","protected":false},"excerpt":{"rendered":"<p>1. Herren Mannschaft Saison 2011 \/2012 1. Herren 2011\/2012: Marcel R\u00f6mhild, Ralf Schwarzer, Michael Schwarzer, Christoph Busch, J\u00f6rg Hengstberger und Helmut Adel zeigten in der Bezirksklasse \u2013 Gruppe 5 \u2013 \u00fcber den gesamten\u00a0 Saisonverlauf gute Leistungen. Mathematik der Bezirksklasse: 2 x Vorrunde = Abstieg oder 2 x R\u00fcckrunde = Aufstieg Tischtennis hat eigentlich keinen besonderen [&hellip;]<\/p>\n","protected":false},"author":1,"featured_media":0,"parent":0,"menu_order":4,"comment_status":"closed","ping_status":"closed","template":"","meta":{"ngg_post_thumbnail":0,"footnotes":""},"class_list":["post-85","page","type-page","status-publish","hentry"],"_links":{"self":[{"href":"http:\/\/www.sv-eberstadt.de\/index.php?rest_route=\/wp\/v2\/pages\/85","targetHints":{"allow":["GET"]}}],"collection":[{"href":"http:\/\/www.sv-eberstadt.de\/index.php?rest_route=\/wp\/v2\/pages"}],"about":[{"href":"http:\/\/www.sv-eberstadt.de\/index.php?rest_route=\/wp\/v2\/types\/page"}],"author":[{"embeddable":true,"href":"http:\/\/www.sv-eberstadt.de\/index.php?rest_route=\/wp\/v2\/users\/1"}],"replies":[{"embeddable":true,"href":"http:\/\/www.sv-eberstadt.de\/index.php?rest_route=%2Fwp%2Fv2%2Fcomments&post=85"}],"version-history":[{"count":58,"href":"http:\/\/www.sv-eberstadt.de\/index.php?rest_route=\/wp\/v2\/pages\/85\/revisions"}],"predecessor-version":[{"id":1840,"href":"http:\/\/www.sv-eberstadt.de\/index.php?rest_route=\/wp\/v2\/pages\/85\/revisions\/1840"}],"wp:attachment":[{"href":"http:\/\/www.sv-eberstadt.de\/index.php?rest_route=%2Fwp%2Fv2%2Fmedia&parent=85"}],"curies":[{"name":"wp","href":"https:\/\/api.w.org\/{rel}","templated":true}]}}