{"id":373,"date":"2009-06-06T12:37:01","date_gmt":"2009-06-06T10:37:01","guid":{"rendered":"http:\/\/www.sv-eberstadt.de\/?page_id=373"},"modified":"2014-03-16T12:10:08","modified_gmt":"2014-03-16T10:10:08","slug":"downloads","status":"publish","type":"page","link":"http:\/\/www.sv-eberstadt.de\/?page_id=373","title":{"rendered":"Downloads SV Eberstadt Tischtennis"},"content":{"rendered":"<p>Mitgliedsantr\u00e4ge und weitere offizielle Formulare befinden sich auf der Website der <a href=\"http:\/\/www.sveberstadt.de\/index.php?sve_id=sve_dokumente#\" target=\"_blank\">Sportvereinigung Eberstadt<\/a>.<\/p>\n<h3>Offizielle Ausschreibungen<\/h3>\n<p>Hier der offizielle Anmelde Link zum Franz Edthofer Turnier 2014: <a href=\"mailto:Turnieranmeldung@sv-eberstadt.de\">Turnieranmeldung@sv-eberstadt.de<\/a><\/p>\n<p><a href=\"http:\/\/www.sv-eberstadt.de\/wp-content\/uploads\/Turnierausschreibung_2014.pdf\">Turnierausschreibung 2014<\/a><\/p>\n<p><a href=\"http:\/\/www.sv-eberstadt.de\/wp-content\/uploads\/Anmeldung_Formular_07062014\">Anmeldung Formular 07.06.2014<\/a><\/p>\n<p><a href=\"http:\/\/www.sv-eberstadt.de\/wp-content\/uploads\/Anmeldung_Formular_08062014\">Anmeldung Formular 08.06.2014<\/a><\/p>\n<p style=\"color: #c43a5e;\"><strong>WICHTIG: Liebe Turnierteilnehmer, <\/strong><strong>bitte beachten Sie, dass nach der Bestimmung des 1.7 Satz 2 der WO DTTB  Spieler, die noch nicht in der vom DTTB genutzten Online-Plattform  erfasst sind, sich beim DTTB-Generalsekretariat bis sp\u00e4testens 14 Tage  vor dem Turnier registrieren lassen m\u00fcssen. Dies betrifft Ausl\u00e4nder und Spieler aus Schleswig-Holstein und Mecklenburg-Vorpomm<\/strong><strong>ern.<\/strong><\/p>\n<h3>Frankenstein Kurier &#8211; Sport Nachrichten Darmstadt-Eberstadt<\/h3>\n<p>Der Frankenstein Kurier wird vom Sportverein Eberstadt in regelm\u00e4\u00dfigen Abst\u00e4nden herausgegeben. Neben Vereinsnachrichten der Abteilungen\u00a0 Karneval, Fussball, Tennis und Radball und Tischtennis finden sich auch allgemeine Themen zum Bereich Sport in Darmstadt &#8211; Eberstadt.<\/p>\n<p style=\"text-align: center;\">No Files Found.<\/p>\n","protected":false},"excerpt":{"rendered":"<p>Mitgliedsantr\u00e4ge und weitere offizielle Formulare befinden sich auf der Website der Sportvereinigung Eberstadt. Offizielle Ausschreibungen Hier der offizielle Anmelde Link zum Franz Edthofer Turnier 2014: Turnieranmeldung@sv-eberstadt.de Turnierausschreibung 2014 Anmeldung Formular 07.06.2014 Anmeldung Formular 08.06.2014 WICHTIG: Liebe Turnierteilnehmer, bitte beachten Sie, dass nach der Bestimmung des 1.7 Satz 2 der WO DTTB Spieler, die noch nicht [&hellip;]<\/p>\n","protected":false},"author":1,"featured_media":0,"parent":0,"menu_order":110,"comment_status":"closed","ping_status":"closed","template":"","meta":{"ngg_post_thumbnail":0,"footnotes":""},"class_list":["post-373","page","type-page","status-publish","hentry"],"_links":{"self":[{"href":"http:\/\/www.sv-eberstadt.de\/index.php?rest_route=\/wp\/v2\/pages\/373","targetHints":{"allow":["GET"]}}],"collection":[{"href":"http:\/\/www.sv-eberstadt.de\/index.php?rest_route=\/wp\/v2\/pages"}],"about":[{"href":"http:\/\/www.sv-eberstadt.de\/index.php?rest_route=\/wp\/v2\/types\/page"}],"author":[{"embeddable":true,"href":"http:\/\/www.sv-eberstadt.de\/index.php?rest_route=\/wp\/v2\/users\/1"}],"replies":[{"embeddable":true,"href":"http:\/\/www.sv-eberstadt.de\/index.php?rest_route=%2Fwp%2Fv2%2Fcomments&post=373"}],"version-history":[{"count":64,"href":"http:\/\/www.sv-eberstadt.de\/index.php?rest_route=\/wp\/v2\/pages\/373\/revisions"}],"predecessor-version":[{"id":376,"href":"http:\/\/www.sv-eberstadt.de\/index.php?rest_route=\/wp\/v2\/pages\/373\/revisions\/376"}],"wp:attachment":[{"href":"http:\/\/www.sv-eberstadt.de\/index.php?rest_route=%2Fwp%2Fv2%2Fmedia&parent=373"}],"curies":[{"name":"wp","href":"https:\/\/api.w.org\/{rel}","templated":true}]}}