{"id":2090,"date":"2017-10-05T21:51:33","date_gmt":"2017-10-05T19:51:33","guid":{"rendered":"http:\/\/www.sv-eberstadt.de\/?page_id=2090"},"modified":"2024-09-24T15:53:34","modified_gmt":"2024-09-24T13:53:34","slug":"saison-20172018","status":"publish","type":"page","link":"http:\/\/www.sv-eberstadt.de\/?page_id=2090","title":{"rendered":"Saison 2017\/2018"},"content":{"rendered":"<p><a href=\"http:\/\/www.sv-eberstadt.de\/wp-content\/uploads\/Bilder-Videos-Iphone-31.10.2016-616.jpg\"><img loading=\"lazy\" decoding=\"async\" class=\"alignnone size-medium wp-image-2109\" src=\"http:\/\/www.sv-eberstadt.de\/wp-content\/uploads\/Bilder-Videos-Iphone-31.10.2016-616-300x225.jpg\" alt=\"Bilder Videos Iphone 31.10.2016 616\" width=\"300\" height=\"225\" srcset=\"http:\/\/www.sv-eberstadt.de\/wp-content\/uploads\/Bilder-Videos-Iphone-31.10.2016-616-300x225.jpg 300w, http:\/\/www.sv-eberstadt.de\/wp-content\/uploads\/Bilder-Videos-Iphone-31.10.2016-616-150x113.jpg 150w, http:\/\/www.sv-eberstadt.de\/wp-content\/uploads\/Bilder-Videos-Iphone-31.10.2016-616-1024x768.jpg 1024w\" sizes=\"auto, (max-width: 300px) 100vw, 300px\" \/><\/a><\/p>\n<p>1.Damen &#8211; Bezirksoberliga<\/p>\n<p>1.Herren &#8211; Bezirksoberliga<\/p>\n<p>2.Herren &#8211; Bezirksklasse<\/p>\n<p>3.Herren &#8211; 1. Kreisklasse<\/p>\n<p>4.Herren &#8211; 3. Kreisklasse<\/p>\n<p>m\u00e4nnliche Jugend &#8211; 3.Kreisklasse<\/p>\n<p>Sch\u00fcler B &#8211; 1. Kreisklasse<\/p>\n<p>Sch\u00fcler C &#8211; Kreisliga<\/p>\n","protected":false},"excerpt":{"rendered":"<p>1.Damen &#8211; Bezirksoberliga 1.Herren &#8211; Bezirksoberliga 2.Herren &#8211; Bezirksklasse 3.Herren &#8211; 1. Kreisklasse 4.Herren &#8211; 3. Kreisklasse m\u00e4nnliche Jugend &#8211; 3.Kreisklasse Sch\u00fcler B &#8211; 1. Kreisklasse Sch\u00fcler C &#8211; Kreisliga<\/p>\n","protected":false},"author":1,"featured_media":0,"parent":2260,"menu_order":0,"comment_status":"closed","ping_status":"closed","template":"","meta":{"ngg_post_thumbnail":0,"footnotes":""},"class_list":["post-2090","page","type-page","status-publish","hentry"],"_links":{"self":[{"href":"http:\/\/www.sv-eberstadt.de\/index.php?rest_route=\/wp\/v2\/pages\/2090","targetHints":{"allow":["GET"]}}],"collection":[{"href":"http:\/\/www.sv-eberstadt.de\/index.php?rest_route=\/wp\/v2\/pages"}],"about":[{"href":"http:\/\/www.sv-eberstadt.de\/index.php?rest_route=\/wp\/v2\/types\/page"}],"author":[{"embeddable":true,"href":"http:\/\/www.sv-eberstadt.de\/index.php?rest_route=\/wp\/v2\/users\/1"}],"replies":[{"embeddable":true,"href":"http:\/\/www.sv-eberstadt.de\/index.php?rest_route=%2Fwp%2Fv2%2Fcomments&post=2090"}],"version-history":[{"count":3,"href":"http:\/\/www.sv-eberstadt.de\/index.php?rest_route=\/wp\/v2\/pages\/2090\/revisions"}],"predecessor-version":[{"id":2110,"href":"http:\/\/www.sv-eberstadt.de\/index.php?rest_route=\/wp\/v2\/pages\/2090\/revisions\/2110"}],"up":[{"embeddable":true,"href":"http:\/\/www.sv-eberstadt.de\/index.php?rest_route=\/wp\/v2\/pages\/2260"}],"wp:attachment":[{"href":"http:\/\/www.sv-eberstadt.de\/index.php?rest_route=%2Fwp%2Fv2%2Fmedia&parent=2090"}],"curies":[{"name":"wp","href":"https:\/\/api.w.org\/{rel}","templated":true}]}}