{"id":1906,"date":"2014-06-29T13:56:30","date_gmt":"2014-06-29T11:56:30","guid":{"rendered":"http:\/\/www.sv-eberstadt.de\/?page_id=1906"},"modified":"2024-09-24T15:34:02","modified_gmt":"2024-09-24T13:34:02","slug":"3-herren-20142015","status":"publish","type":"page","link":"http:\/\/www.sv-eberstadt.de\/?page_id=1906","title":{"rendered":"3. Herren 2014\/2015"},"content":{"rendered":"<p><a href=\"http:\/\/httv.click-tt.de\/cgi-bin\/WebObjects\/nuLigaTTDE.woa\/wa\/groupPage?championship=K42+14%2F15&amp;group=226607\">link zu click TT<\/a><\/p>\n<p><!-- P { margin-bottom: 0.21cm; } --><span style=\"font-family: Arial,sans-serif;\"><span style=\"font-size: small;\"><span style=\"text-decoration: underline;\"><strong>Dritte Herren schlie\u00dfen das Jahr 2014 erfolgreich ab!<\/strong><\/span><\/span><\/span><\/p>\n<p><span style=\"font-family: Arial,sans-serif;\"><span style=\"font-size: small;\">Der letzte Spieltag der Vorrunde in der 3. Kreisklasse \u2013 Gruppe 1 \u2013, am 9. Dezember 2014, sah das Spitzenspiel in dieser Klasse, Tabellenzweiter TuS Griesheim gegen Spitzenreiter SV Eberstadt III. Eberstadt, mit bisher nur einem Minuspunkt aus dem Spiel gegen Blau-Gelb Darmstadt am dritten Spieltag, konnte ohne Druck gegen den mit drei Minuspunkten behafteten Konkurrenten antreten. Mannschaftsf\u00fchrer Lothar hatte sich f\u00fcr dieses Spiel etwas Besonderes ausgedacht. So spielten neben den etablierten Doppeln, Beck\/Mosgowych (1) und Ehses\/Uhrig (3), die beiden Damen Chantal R\u00f6hl und Marie Schumacher das Doppel 2. Im Einzel setzte Ehses daf\u00fcr aus und Andreas Schneider spielte an Position 5.<\/span><\/span><\/p>\n<p><span style=\"font-family: Arial,sans-serif;\"><span style=\"font-size: small;\">Der Plan ging auf und Eberstadt f\u00fchrte nach den Er\u00f6ffnungsdoppeln mit 2:1, wobei das Damendoppel einen sehr guten Eindruck hinterliess und sich erst im f\u00fcnften Satz geschlagen geben musste. Das Doppel Ehses\/Uhrig konnte seine makellose Bilanz halten und steht mit 8:0 Siegen an der Spitze der Rangliste. Auch Beck\/Mosgowych spielten mit 5:1 eine gute Vorrunde und stehen an Platz 5.<\/span><\/span><\/p>\n<p><span style=\"font-family: Arial,sans-serif;\"><span style=\"font-size: small;\">In den Einzeln konnte Eberstadt seine Dominanz dann endg\u00fcltig zeigen. Zwar mussten Chantal und Julian jeweils gegen die Nr. 1 der Griesheimer, Pawellek, nach guten Leistungen, eine Niederlage quittieren und auch Marie Schumacher ihrem Gegenspieler Marass zum Sieg gratulieren, daf\u00fcr konnten sich aber alle anderen Spieler durchsetzen. Den Endstand, zum 9:4, erspielte schlie\u00dflich Oleg Mosgowych, der mit einem F\u00fcnf-Satz-Sieg aber noch einmal f\u00fcr Spannung sorgte. Die Einzelbilanz der Eberst\u00e4dter kann sich sehen lassen. Mit Mosgowych (6.), Schneider (8.), Schwalbach und Ehses (9.), befinden sich vier Spieler unter den Top-Zehn der Rangliste. Mit Ralf Uhrig (12.) und Julian Beck (14.) stehen zwei weitere Spieler der SV Eberstadt auf guten Positionen.<\/span><\/span><\/p>\n<p><span style=\"font-family: Arial,sans-serif;\"><span style=\"font-size: small;\">Mein Dank geht, neben den \u201efesten Mannschaftsspielern\u201c, besonders an unsere Damen, Chantal und Marie, die mit ihren Leistungen f\u00fcr eine Bereicherung gesorgt haben. Aber auch Sebastian Harms und Marco Obach sollen nicht unerw\u00e4hnt bleiben, die als Ersatzspieler f\u00fcr unseren Erfolg mitverantwortlich sind. Als Halbzeitmeister sollten wir uns in der R\u00fcckrunde aber nicht auf den Erfolgen ausruhen, sondern mit konzentriertem Spiel, die Chance auf die Meisterschaft und den Aufstieg nutzen.<\/span><\/span><\/p>\n<p><span style=\"font-family: Arial,sans-serif;\"><span style=\"font-size: small;\">Auch im Kreispokal kann die 3. Mannschaft bisher mit zwei Siegen, TSV Nieder-Ramstadt VI \u2013 4:3 und GSV Gundernhausen VI \u2013 4:0, bisher \u00fcberzeugen. Im Viertelfinale muss das Team, am 15. Januar 2015 gegen SV St. Stephan V, nun um den Einzug ins Halbfinale k\u00e4mpfen. Spielbeginn ist 20:15 Uhr.<\/span><\/span><\/p>\n<p><span style=\"color: #000000;\"><span style=\"font-family: Arial,sans-serif;\"><span style=\"font-size: medium;\"><span style=\"text-decoration: underline;\"><strong>26.09.2014  SVE III \u2013 DJK\/SC Concordia Pfungstadt IV  9:4<\/strong><\/span><\/span><\/span><\/span><span style=\"color: #000000;\"><span style=\"font-family: Arial,sans-serif;\"><span style=\"font-size: medium;\"><br \/>\n<\/span><\/span><\/span><\/p>\n<p><strong><span style=\"color: #000000;\"><span style=\"font-family: Arial,sans-serif;\"><span style=\"font-size: medium;\">Dritte Herren gewinnen, im Sog der 1. Herren<\/span><\/span><\/span><\/strong><span style=\"color: #000000;\"><span style=\"font-family: Arial,sans-serif;\"><span style=\"font-size: medium;\"><br \/>\nBeim gemeinsamen Heimspieltag der 1. und 3. Herrenmannschaft am Freitag dem 26.09.2014 musste die Dritte Mannschaft gegen die G\u00e4ste vom DJK\/SC Concordia Pfungstadt IV antreten. Nach dem Abstieg aus der 2. Kreisklasse, in der man w\u00e4hrend der gesamten Saison nur einen Sieg erringen konnte war man gespannt, wie der Start in der 3. Kreisklasse aussehen w\u00fcrde. Da einige Spieler, mangels Trainingsbeteiligung, den Schl\u00e4ger erstmals nach f\u00fcnf Monaten in der Hand hatten, war das Leistungsniveau schwer einzusch\u00e4tzen. So war der Spielbeginn etwas holprig und nach den Er\u00f6ffnungsdoppeln und den ersten beiden Einzelspielen stand es 1:4. Dann wurde zur Aufhohljagd geblasen und die folgenden acht Einzelspiele konnten alle von Eberstadt gewonnen werden.<\/span><\/span><\/span><\/p>\n<p><span style=\"font-family: Arial,sans-serif;\"><span style=\"font-size: medium;\">Zum Sieg trugen bei: Uhrig\/Ehses 1, Chantal R\u00f6hl 1, Julian Beck 1, Lothar Ehses 2, Oleg Moskowitch 2, Andreas Schneider 1 und Ralf Uhrig 1.<\/span><\/span><\/p>\n<p><span style=\"font-family: Arial,sans-serif;\"><span style=\"font-size: medium;\">Beim gemeinsamen Siegestanz mit der 1. Herren, die ihre G\u00e4ste vom TSV Langstadt ebenfalls mit 9:4 bezwingen konnten, war bei den Spielern der Dritten eine gewisse Unsicherheit anzumerken, da der letzte Sieg schon fast ein ganzes Jahr zur\u00fcck liegt.<\/span><\/span><\/p>\n","protected":false},"excerpt":{"rendered":"<p>link zu click TT Dritte Herren schlie\u00dfen das Jahr 2014 erfolgreich ab! Der letzte Spieltag der Vorrunde in der 3. Kreisklasse \u2013 Gruppe 1 \u2013, am 9. Dezember 2014, sah das Spitzenspiel in dieser Klasse, Tabellenzweiter TuS Griesheim gegen Spitzenreiter SV Eberstadt III. Eberstadt, mit bisher nur einem Minuspunkt aus dem Spiel gegen Blau-Gelb Darmstadt [&hellip;]<\/p>\n","protected":false},"author":1,"featured_media":0,"parent":2272,"menu_order":0,"comment_status":"closed","ping_status":"closed","template":"","meta":{"ngg_post_thumbnail":0,"footnotes":""},"class_list":["post-1906","page","type-page","status-publish","hentry"],"_links":{"self":[{"href":"http:\/\/www.sv-eberstadt.de\/index.php?rest_route=\/wp\/v2\/pages\/1906","targetHints":{"allow":["GET"]}}],"collection":[{"href":"http:\/\/www.sv-eberstadt.de\/index.php?rest_route=\/wp\/v2\/pages"}],"about":[{"href":"http:\/\/www.sv-eberstadt.de\/index.php?rest_route=\/wp\/v2\/types\/page"}],"author":[{"embeddable":true,"href":"http:\/\/www.sv-eberstadt.de\/index.php?rest_route=\/wp\/v2\/users\/1"}],"replies":[{"embeddable":true,"href":"http:\/\/www.sv-eberstadt.de\/index.php?rest_route=%2Fwp%2Fv2%2Fcomments&post=1906"}],"version-history":[{"count":7,"href":"http:\/\/www.sv-eberstadt.de\/index.php?rest_route=\/wp\/v2\/pages\/1906\/revisions"}],"predecessor-version":[{"id":2274,"href":"http:\/\/www.sv-eberstadt.de\/index.php?rest_route=\/wp\/v2\/pages\/1906\/revisions\/2274"}],"up":[{"embeddable":true,"href":"http:\/\/www.sv-eberstadt.de\/index.php?rest_route=\/wp\/v2\/pages\/2272"}],"wp:attachment":[{"href":"http:\/\/www.sv-eberstadt.de\/index.php?rest_route=%2Fwp%2Fv2%2Fmedia&parent=1906"}],"curies":[{"name":"wp","href":"https:\/\/api.w.org\/{rel}","templated":true}]}}