{"id":1614,"date":"2013-05-20T10:26:09","date_gmt":"2013-05-20T08:26:09","guid":{"rendered":"http:\/\/www.sv-eberstadt.de\/?page_id=1614"},"modified":"2024-09-24T15:34:19","modified_gmt":"2024-09-24T13:34:19","slug":"3-herren-20132014","status":"publish","type":"page","link":"http:\/\/www.sv-eberstadt.de\/?page_id=1614","title":{"rendered":"3. Herren 2013\/2014"},"content":{"rendered":"<p style=\"color: #2604fa;\"><a href=\"http:\/\/httv.click-tt.de\/cgi-bin\/WebObjects\/ClickSWTTV.woa\/wa\/groupPage?championship=K42+13%2F14&amp;group=203338\">link zu click-TT<\/a><\/p>\n<p style=\"color: #2604fa;\"><a href=\"http:\/\/www.sv-eberstadt.de\/wp-content\/uploads\/Foto-31.jpg\"><img loading=\"lazy\" decoding=\"async\" class=\"aligncenter size-full wp-image-1710\" title=\"Foto 3\" src=\"http:\/\/www.sv-eberstadt.de\/wp-content\/uploads\/Foto-31.jpg\" alt=\"\" width=\"700\" height=\"525\" srcset=\"http:\/\/www.sv-eberstadt.de\/wp-content\/uploads\/Foto-31.jpg 700w, http:\/\/www.sv-eberstadt.de\/wp-content\/uploads\/Foto-31-150x112.jpg 150w, http:\/\/www.sv-eberstadt.de\/wp-content\/uploads\/Foto-31-300x225.jpg 300w\" sizes=\"auto, (max-width: 700px) 100vw, 700px\" \/><\/a><\/p>\n<p><!-- \t\t@page { margin: 2cm } \t\tP { margin-bottom: 0.21cm } --><span style=\"font-family: Arial,sans-serif;\">Unsere Dritte: v.l.n.r Alexander Schwalbach, Julian Beck, Andreas Schneider, Marie Schumacher, Ralf Urig, Marco Obach, Lothar Ehses und Gerold Schilling<\/span><\/p>\n<p style=\"color: #2604fa;\">\n<p><!-- \t\t@page { margin: 2cm } \t\tP { margin-bottom: 0.21cm } --><span style=\"font-family: Arial,sans-serif;\"><span style=\"font-size: small;\"><strong>Die Dritte in der 2. Kreisklasse<\/strong><\/span><\/span><\/p>\n<p><span style=\"font-family: Arial,sans-serif;\"><span style=\"font-size: small;\">Nach dem nachtr\u00e4glichen Aufstieg in die 2. Kreisklasse wurde auch die Aufstellung der Mannschaft durch Spieler der 2. Herren aufgewertet. Zudem konnte, durch die Neuregelung des HTTV der Ersatzstellung f\u00fcr Damen in Herrenmannschaften, mit Marie Schumacher, auch eine weitere Verst\u00e4rkung verzeichnet werden. In der Aufstellung: Roland Dassler, Alexander Schwalbach, Gerold Schilling, Julian Beck, Lothar Ehses, Andreas Schneider, Ralf Lottes, Marie Schumacher, Ralf Uhrig und Marco Obach, gedachte man das Saisonziel \u201eKlassenerhalt\u201c anzugehen. Dass Roland, durch seine Arbeit nur zu wenigen Eins\u00e4tzen kommen w\u00fcrde, war bereits im Vorfeld deutlich. Hinzu kam dann leider auch noch eine schwerwiegende Erkrankung von Ralf Lottes, dem wir hiermit auf diesem Weg nochmals Alles Gute w\u00fcnschen, die die personellen M\u00f6glichkeiten einschr\u00e4nkte. An dieser Stelle ein gro\u00dfes Dankesch\u00f6n an die Spieler der 4. Herren f\u00fcr ihren Einsatz.<\/span><\/span><\/p>\n<p><span style=\"font-family: Arial,sans-serif;\"><span style=\"font-size: small;\">Zum Verlauf der Vorrunde ist nur zu sagen: \u201eDumm gelaufen\u201c. Mit nur einem Sieg in Bessungen wurde der 9. Tabellenplatz belegt (2:18 Punkte). Der Abstand zum rettenden 8. Platz betr\u00e4gt bereits sechs Punkte und ist wohl nur noch mit viel Gl\u00fcck zu erreichen. Aber das hat man als Mannschaft in der unteren Tabellenregion nicht, wie die ersten Spiele der R\u00fcckrunde zeigen. Einer deutlichen 1:9 Niederlage gegen den verlustpunktfreien Tabellenf\u00fchrer aus H\u00e4hnlein folgten ein ungl\u00fcckliches 7:9 gegen TTC Pfungstadt und ein unbefriedigendes 8:8 gegen den Tabellenvorletzten TSG Wixhausen.<\/span><\/span><\/p>\n<p><span style=\"font-family: Arial,sans-serif;\"><span style=\"font-size: small;\">Fazit: Der Mannschaft fehlt ein Spitzenspieler, der auch mal im vorderen Paarkreuz sicher punkten kann. Ebenso fehlt es an Konstanz bei der spielerischen Leistung, die durch eine bessere Trainingsbeteiligung zu erreichen w\u00e4re. Hier kann man sich durchaus ein Beispiel bei der 1. und 2. Mannschaft nehmen, die einen vorbildlichen Einsatz zeigen.<\/span><\/span><\/p>\n","protected":false},"excerpt":{"rendered":"<p>link zu click-TT Unsere Dritte: v.l.n.r Alexander Schwalbach, Julian Beck, Andreas Schneider, Marie Schumacher, Ralf Urig, Marco Obach, Lothar Ehses und Gerold Schilling Die Dritte in der 2. Kreisklasse Nach dem nachtr\u00e4glichen Aufstieg in die 2. Kreisklasse wurde auch die Aufstellung der Mannschaft durch Spieler der 2. Herren aufgewertet. Zudem konnte, durch die Neuregelung des [&hellip;]<\/p>\n","protected":false},"author":1,"featured_media":0,"parent":2270,"menu_order":0,"comment_status":"closed","ping_status":"closed","template":"","meta":{"ngg_post_thumbnail":0,"footnotes":""},"class_list":["post-1614","page","type-page","status-publish","hentry"],"_links":{"self":[{"href":"http:\/\/www.sv-eberstadt.de\/index.php?rest_route=\/wp\/v2\/pages\/1614","targetHints":{"allow":["GET"]}}],"collection":[{"href":"http:\/\/www.sv-eberstadt.de\/index.php?rest_route=\/wp\/v2\/pages"}],"about":[{"href":"http:\/\/www.sv-eberstadt.de\/index.php?rest_route=\/wp\/v2\/types\/page"}],"author":[{"embeddable":true,"href":"http:\/\/www.sv-eberstadt.de\/index.php?rest_route=\/wp\/v2\/users\/1"}],"replies":[{"embeddable":true,"href":"http:\/\/www.sv-eberstadt.de\/index.php?rest_route=%2Fwp%2Fv2%2Fcomments&post=1614"}],"version-history":[{"count":5,"href":"http:\/\/www.sv-eberstadt.de\/index.php?rest_route=\/wp\/v2\/pages\/1614\/revisions"}],"predecessor-version":[{"id":2275,"href":"http:\/\/www.sv-eberstadt.de\/index.php?rest_route=\/wp\/v2\/pages\/1614\/revisions\/2275"}],"up":[{"embeddable":true,"href":"http:\/\/www.sv-eberstadt.de\/index.php?rest_route=\/wp\/v2\/pages\/2270"}],"wp:attachment":[{"href":"http:\/\/www.sv-eberstadt.de\/index.php?rest_route=%2Fwp%2Fv2%2Fmedia&parent=1614"}],"curies":[{"name":"wp","href":"https:\/\/api.w.org\/{rel}","templated":true}]}}