{"id":1417,"date":"2012-08-26T09:29:11","date_gmt":"2012-08-26T07:29:11","guid":{"rendered":"http:\/\/www.sv-eberstadt.de\/?page_id=1417"},"modified":"2024-09-24T15:29:11","modified_gmt":"2024-09-24T13:29:11","slug":"1-damenmannschaft","status":"publish","type":"page","link":"http:\/\/www.sv-eberstadt.de\/?page_id=1417","title":{"rendered":"1. Damen 2012\/2013"},"content":{"rendered":"<p><a href=\"http:\/\/httv.click-tt.de\/cgi-bin\/WebObjects\/ClickSWTTV.woa\/wa\/groupPage?championship=HTTV+12%2F13&amp;group=179737\">Ergebnisse &#8211; Tabelle<\/a> (Link zu Click-TT)<\/p>\n<p><!-- \t\t@page { margin: 2cm } \t\tP { margin-bottom: 0.21cm } --><span style=\"font-family: Arial,sans-serif;\"><span style=\"text-decoration: underline;\"><strong style=\"font-size: 16px;\">06.10.2012 &#8211; Erste Punkte f\u00fcr die Eberst\u00e4dter Tischtennis Damen im Kellerduell gegen den TSV Langstadt IV<\/strong><\/span><\/span><\/p>\n<p><span style=\"font-size: 16px; font-family: Arial,sans-serif;\">Beide Mannschaften traten nicht in voller Besetzung an und gingen mit Ersatz an die Tische. Beim SV Eberstadt fehlte nach wie vor die verletzte Kerstin Schroll und bei den G\u00e4sten konnte die ebenfalls verletzte Ute K\u00e4mmerer nur im Doppel an der Seite von Christa Erbes eingesetzt werden. Auch der hochschwangeren Eva Eckert war es nur eingeschr\u00e4nkt m\u00f6glich, ihr Spiel durchzusetzen. So verschafften sich zum ersten Mal seit Saisonbeginn das Team des SV einen guten Vorsprung mit einem 2:0 aus den Doppeln.<\/span><\/p>\n<p><span style=\"font-size: 16px; font-family: Arial,sans-serif;\">Nach dem 5:3 hatte der TSV Langstadt nichts mehr entgegen zusetzen und musste sich mit 8:3 geschlagen geben. Dennoch sind sich beide Mannschaften einig: Es bleibt nach einem Sieg aus diesen Positionen heraus wenig Hoffnung auf den Klassenerhalt, wenn von 11 Mannschaften 5 absteigen werden. F\u00fcr Eberstadt punkteten in den Doppeln Uhrig\/Schwarzer und Klein\/R\u00f6hl, in den Einzeln Uhrig, Schwarzer und Klein (je einen Z\u00e4hler) und Chantal R\u00f6hl (3 Z\u00e4hler).<\/span><\/p>\n<p><span style=\"font-family: Arial,sans-serif;\"><span style=\"text-decoration: underline;\"><strong style=\"font-size: 16px;\">05.10.2012 &#8211; Nur Monika Schwarzer punktet zweimal f\u00fcr Eberstadt<\/strong><\/span><\/span><\/p>\n<p><span style=\"font-size: 16px; font-family: Arial,sans-serif;\">Eine deutliche 8:2 Niederlage mussten die Tischtennis-Damen des SV am vergangenen Freitag gegen den BSC Einhausen hinnehmen. Monika Schwarzer bewahrte mit ihren beiden Einzelsiegen das Team vor einer 8:0-Niederlage. Lediglich Chantal R\u00f6hl hatte in ihrem zweiten Einzel noch die Chance zur Ergebniskosmetik, unterlag allerdings gegen die Nr.2 der Gastgeber ungl\u00fccklich mit 14:12 im 5.Satz.<\/span><\/p>\n<p><!-- \t\t@page { margin: 2cm } \t\tP { margin-bottom: 0.21cm } --><!-- \t\t@page { margin: 2cm } \t\tP { margin-bottom: 0.21cm } --><span style=\"font-family: Arial,sans-serif;\"><span style=\"font-size: medium;\"><span style=\"text-decoration: underline;\"><strong>30.09.2012 &#8211; Eberst\u00e4dter Tischtennis-Damen spielen knappe S\u00e4tze, bleiben aber weiterhin ohne Punktgewinn<\/strong><\/span><\/span><\/span><\/p>\n<p>\u201e<span style=\"font-size: medium;\"><span style=\"font-family: Arial,sans-serif;\">Von insgesamt 24 S\u00e4tzen entschieden die Gastgeber aus Ober-Kainsbach 6 S\u00e4tze in der Verl\u00e4ngerung und weitere 13 S\u00e4tze mit 8:11 bzw. 9:11 f\u00fcr sich. Daran ist zu sehen, wie eng die Entscheidungen waren und das Ergebnis von 2:8 gegen den Tabellendritten zu hoch ausfiel.\u201c zieht Mannschaftsf\u00fchrerin Sonja Uhrig vom SV Eberstadt Bilanz. F\u00fcr Eberstadt punkteten Chantal R\u00f6hl und Sonja Uhrig jeweils in den Einzeln.<\/span><\/span><\/p>\n<p><span style=\"font-family: Arial,sans-serif;\"><span style=\"font-size: medium;\"><span style=\"text-decoration: underline;\"><strong>02.09.2012 &#8211; SVE Damen knapp am Unentschieden vorbei<\/strong><\/span><\/span><\/span><\/p>\n<p><span style=\"font-family: Arial,sans-serif;\"><span style=\"font-size: medium;\">Das erste Heimspiel der Saison bestritten die Eberst\u00e4dter Damen gegen den Aufsteiger vom TSV RW Auerbach. Einer anf\u00e4nglichen 2:1 F\u00fchrung folgte ein R\u00fcckstand von 2:4 und dann holten die Eberst\u00e4dterinnen auf und egalisierten den Vorsprung zum 6:6. In den letzten beiden Einzeln lie\u00dfen die Auerbach Akteurinnen aber nichts mehr anbrennen und schlossen die Partie zu ihren Gunsten. F\u00fcr die weiterhin verletzte Kerstin Schroll nahm Anke Busch den fehlenden Platz ein. Die Punkte f\u00fcr Eberstadt holten Schwarzer\/Uhrig, sowie Uhrig (3) und Schwarzer (2).<\/span><\/span><\/p>\n<p><span style=\"font-family: Arial,sans-serif;\"><span style=\"font-size: medium;\"><span style=\"text-decoration: underline;\"><strong>31.08.2012 &#8211; Deutliche Niederlage der Eberst\u00e4dter Tischtennis Damen<\/strong><\/span><\/span><\/span><\/p>\n<p><span style=\"font-family: Arial,sans-serif;\"><span style=\"font-size: medium;\">Mit einem klaren 3:8 gegen die Arheilger SG unterlagen die SVE Damen bei ihrem zweiten Verbandsspiel. Dem 1:1 aus den Doppeln folgten 3 verlorene Einzel, bevor Monika Schwarzer auf 2:4 verk\u00fcrzte. In einem spannenden Match setzte sich Chantal R\u00f6hl noch gegen Andrea Tischer durch und dabei blieb es dann f\u00fcr die Damen der SV. Hervorzuheben ist die zum erstenmal bei den Damen eingesetzte Jugendspielerin Alexandra Schneider. Sie unterlag denkbar knapp im 5.Satz gegen die routinierte Elfi Hettinger.<\/span><\/span><\/p>\n<p><strong><span style=\"font-family: Arial,sans-serif;\"><span style=\"font-size: medium;\"><span style=\"text-decoration: underline;\">24.08.2012 \u2013 Eberst\u00e4dter Tischtennis Damen verlieren Auftaktspiel gegen SV DA 98<\/span><\/span><\/span><\/strong><\/p>\n<p><span style=\"font-family: Arial,sans-serif;\"><span style=\"font-size: medium;\">Im ersten Spiel in der Verbandsliga S\u00fcd unterlagen die SVE Damen im Lokalderby dem SV Darmstadt 98 mit 5:8. Kerstin Schroll konnte ihre Mannschaft verletzungsbedingt nur von au\u00dferhalb der Tischtennisboxen unterst\u00fctzen, so r\u00fcckte Anke Busch an Position 4 in die Mannschaft.<\/span><\/span><\/p>\n<p><span style=\"font-family: Arial,sans-serif;\"><span style=\"font-size: medium;\">Der Start mit 0:2 aus den Doppeln setzte die Eberst\u00e4dterinnen gleich unter Druck. In den folgenden Einzeln behaupteten sich von den SVE Damen Uhrig und Schwarzer mit je 2 Z\u00e4hlern und Chantal R\u00f6hl, die ins vordere Paarkreuz aufr\u00fccken musste, mit einer guten Leistung gegen die an Position 2 spielende Darmst\u00e4dterin Susanne Zens. \u201eUnser recht knapp verlorenes Doppel mit 8:11 im 5. Satz gegen das Spitzendoppel Okur \/ Zens war vielleicht das Schl\u00fcsselspiel zu einem verpassten Remis nach dem folgenden Spielverlauf\u201c kommentiert Mannschaftsf\u00fchrerin Sonja Uhrig den Start in die neue Saison.<\/span><\/span><\/p>\n<p><!-- \t\t@page { margin: 2cm } \t\tP { margin-bottom: 0.21cm } --><\/p>\n<p style=\"text-align: center;\"><a rel=\"attachment wp-att-1467\" href=\"http:\/\/www.sv-eberstadt.de\/?attachment_id=1467\"><img loading=\"lazy\" decoding=\"async\" class=\"aligncenter size-full wp-image-1467\" title=\"P1080758\" src=\"http:\/\/www.sv-eberstadt.de\/wp-content\/uploads\/P10807583.jpg\" alt=\"\" width=\"700\" height=\"525\" srcset=\"http:\/\/www.sv-eberstadt.de\/wp-content\/uploads\/P10807583.jpg 700w, http:\/\/www.sv-eberstadt.de\/wp-content\/uploads\/P10807583-150x112.jpg 150w, http:\/\/www.sv-eberstadt.de\/wp-content\/uploads\/P10807583-300x225.jpg 300w\" sizes=\"auto, (max-width: 700px) 100vw, 700px\" \/><\/a>Teamberatung w\u00e4hrend des Spiels gegen SV Darmstadt 98<\/p>\n<p><!-- \t\t@page { margin: 2cm } \t\tP { margin-bottom: 0.21cm } --><!-- \t\t@page { margin: 2cm } \t\tP { margin-bottom: 0.21cm } --><span style=\"font-family: Arial,sans-serif;\"><span style=\"font-size: medium;\"> <\/span><\/span><\/p>\n<p style=\"text-align: center;\">\n<p style=\"text-align: left;\">\n","protected":false},"excerpt":{"rendered":"<p>Ergebnisse &#8211; Tabelle (Link zu Click-TT) 06.10.2012 &#8211; Erste Punkte f\u00fcr die Eberst\u00e4dter Tischtennis Damen im Kellerduell gegen den TSV Langstadt IV Beide Mannschaften traten nicht in voller Besetzung an und gingen mit Ersatz an die Tische. Beim SV Eberstadt fehlte nach wie vor die verletzte Kerstin Schroll und bei den G\u00e4sten konnte die ebenfalls [&hellip;]<\/p>\n","protected":false},"author":1,"featured_media":0,"parent":1398,"menu_order":0,"comment_status":"closed","ping_status":"closed","template":"","meta":{"ngg_post_thumbnail":0,"footnotes":""},"class_list":["post-1417","page","type-page","status-publish","hentry"],"_links":{"self":[{"href":"http:\/\/www.sv-eberstadt.de\/index.php?rest_route=\/wp\/v2\/pages\/1417","targetHints":{"allow":["GET"]}}],"collection":[{"href":"http:\/\/www.sv-eberstadt.de\/index.php?rest_route=\/wp\/v2\/pages"}],"about":[{"href":"http:\/\/www.sv-eberstadt.de\/index.php?rest_route=\/wp\/v2\/types\/page"}],"author":[{"embeddable":true,"href":"http:\/\/www.sv-eberstadt.de\/index.php?rest_route=\/wp\/v2\/users\/1"}],"replies":[{"embeddable":true,"href":"http:\/\/www.sv-eberstadt.de\/index.php?rest_route=%2Fwp%2Fv2%2Fcomments&post=1417"}],"version-history":[{"count":17,"href":"http:\/\/www.sv-eberstadt.de\/index.php?rest_route=\/wp\/v2\/pages\/1417\/revisions"}],"predecessor-version":[{"id":1488,"href":"http:\/\/www.sv-eberstadt.de\/index.php?rest_route=\/wp\/v2\/pages\/1417\/revisions\/1488"}],"up":[{"embeddable":true,"href":"http:\/\/www.sv-eberstadt.de\/index.php?rest_route=\/wp\/v2\/pages\/1398"}],"wp:attachment":[{"href":"http:\/\/www.sv-eberstadt.de\/index.php?rest_route=%2Fwp%2Fv2%2Fmedia&parent=1417"}],"curies":[{"name":"wp","href":"https:\/\/api.w.org\/{rel}","templated":true}]}}